{"id":67954,"date":"2025-10-24T06:21:41","date_gmt":"2025-10-24T06:21:41","guid":{"rendered":"https:\/\/hapijersey.com\/product\/2425-fusball-club-bayern-munchen-125th-anniversary-player-version-2\/"},"modified":"2026-01-02T06:24:37","modified_gmt":"2026-01-02T06:24:37","slug":"2425-fusball-club-bayern-munchen-125th-anniversary-player-version-2","status":"publish","type":"product","link":"https:\/\/hapijersey.com\/da\/product\/2425-fusball-club-bayern-munchen-125th-anniversary-player-version-2\/","title":{"rendered":"2425 Fu\u00dfball-Club Bayern M\u00fcnchen 125 \u00e5rs jubil\u00e6um Spillerversion"},"content":{"rendered":"","protected":false},"excerpt":{"rendered":"","protected":false},"featured_media":92034,"comment_status":"closed","ping_status":"closed","template":"","meta":[],"product_brand":[68],"product_cat":[140],"product_tag":[],"class_list":{"0":"post-67954","1":"product","2":"type-product","3":"status-publish","4":"has-post-thumbnail","6":"product_brand-okkjersey","7":"product_cat-bayern-munich","9":"first","10":"instock","11":"shipping-taxable","12":"purchasable","13":"product-type-variable"},"_links":{"self":[{"href":"https:\/\/hapijersey.com\/da\/wp-json\/wp\/v2\/product\/67954","targetHints":{"allow":["GET"]}}],"collection":[{"href":"https:\/\/hapijersey.com\/da\/wp-json\/wp\/v2\/product"}],"about":[{"href":"https:\/\/hapijersey.com\/da\/wp-json\/wp\/v2\/types\/product"}],"replies":[{"embeddable":true,"href":"https:\/\/hapijersey.com\/da\/wp-json\/wp\/v2\/comments?post=67954"}],"version-history":[{"count":0,"href":"https:\/\/hapijersey.com\/da\/wp-json\/wp\/v2\/product\/67954\/revisions"}],"wp:featuredmedia":[{"embeddable":true,"href":"https:\/\/hapijersey.com\/da\/wp-json\/wp\/v2\/media\/92034"}],"wp:attachment":[{"href":"https:\/\/hapijersey.com\/da\/wp-json\/wp\/v2\/media?parent=67954"}],"wp:term":[{"taxonomy":"product_brand","embeddable":true,"href":"https:\/\/hapijersey.com\/da\/wp-json\/wp\/v2\/product_brand?post=67954"},{"taxonomy":"product_cat","embeddable":true,"href":"https:\/\/hapijersey.com\/da\/wp-json\/wp\/v2\/product_cat?post=67954"},{"taxonomy":"product_tag","embeddable":true,"href":"https:\/\/hapijersey.com\/da\/wp-json\/wp\/v2\/product_tag?post=67954"}],"curies":[{"name":"wp","href":"https:\/\/api.w.org\/{rel}","templated":true}]}}