{"id":97430,"date":"2025-12-23T16:58:00","date_gmt":"2025-12-23T16:58:00","guid":{"rendered":"https:\/\/hapijersey.com\/product\/2526-season-west-ham-united-f-c-home-kids-kit-2\/"},"modified":"2026-01-02T05:13:27","modified_gmt":"2026-01-02T05:13:27","slug":"2526-season-west-ham-united-f-c-home-kids-kit-2","status":"publish","type":"product","link":"https:\/\/hapijersey.com\/da\/product\/2526-season-west-ham-united-f-c-home-kids-kit-2\/","title":{"rendered":"2526 s\u00e6son West Ham United F.C. hjemmebanetr\u00f8je til b\u00f8rn"},"content":{"rendered":"","protected":false},"excerpt":{"rendered":"","protected":false},"featured_media":97414,"comment_status":"closed","ping_status":"closed","template":"","meta":[],"product_brand":[],"product_cat":[64,81],"product_tag":[],"class_list":{"0":"post-97430","1":"product","2":"type-product","3":"status-publish","4":"has-post-thumbnail","6":"product_cat-kid-clothing","7":"product_cat-west-ham-united","9":"first","10":"instock","11":"shipping-taxable","12":"purchasable","13":"product-type-variable"},"_links":{"self":[{"href":"https:\/\/hapijersey.com\/da\/wp-json\/wp\/v2\/product\/97430","targetHints":{"allow":["GET"]}}],"collection":[{"href":"https:\/\/hapijersey.com\/da\/wp-json\/wp\/v2\/product"}],"about":[{"href":"https:\/\/hapijersey.com\/da\/wp-json\/wp\/v2\/types\/product"}],"replies":[{"embeddable":true,"href":"https:\/\/hapijersey.com\/da\/wp-json\/wp\/v2\/comments?post=97430"}],"version-history":[{"count":0,"href":"https:\/\/hapijersey.com\/da\/wp-json\/wp\/v2\/product\/97430\/revisions"}],"wp:featuredmedia":[{"embeddable":true,"href":"https:\/\/hapijersey.com\/da\/wp-json\/wp\/v2\/media\/97414"}],"wp:attachment":[{"href":"https:\/\/hapijersey.com\/da\/wp-json\/wp\/v2\/media?parent=97430"}],"wp:term":[{"taxonomy":"product_brand","embeddable":true,"href":"https:\/\/hapijersey.com\/da\/wp-json\/wp\/v2\/product_brand?post=97430"},{"taxonomy":"product_cat","embeddable":true,"href":"https:\/\/hapijersey.com\/da\/wp-json\/wp\/v2\/product_cat?post=97430"},{"taxonomy":"product_tag","embeddable":true,"href":"https:\/\/hapijersey.com\/da\/wp-json\/wp\/v2\/product_tag?post=97430"}],"curies":[{"name":"wp","href":"https:\/\/api.w.org\/{rel}","templated":true}]}}