{"id":99042,"date":"2025-12-26T04:12:43","date_gmt":"2025-12-26T04:12:43","guid":{"rendered":"https:\/\/hapijersey.com\/product\/2526-season-borussia-dortmund-home-kids-kit-3\/"},"modified":"2026-01-02T04:20:34","modified_gmt":"2026-01-02T04:20:34","slug":"2526-season-borussia-dortmund-home-kids-kit-3","status":"publish","type":"product","link":"https:\/\/hapijersey.com\/da\/product\/2526-season-borussia-dortmund-home-kids-kit-3\/","title":{"rendered":"2526 s\u00e6son Borussia Dortmund hjemmebane B\u00f8rnes\u00e6t"},"content":{"rendered":"","protected":false},"excerpt":{"rendered":"","protected":false},"featured_media":99024,"comment_status":"closed","ping_status":"closed","template":"","meta":[],"product_brand":[],"product_cat":[172,64],"product_tag":[],"class_list":{"0":"post-99042","1":"product","2":"type-product","3":"status-publish","4":"has-post-thumbnail","6":"product_cat-borussia-dortmund","7":"product_cat-kid-clothing","9":"first","10":"instock","11":"shipping-taxable","12":"purchasable","13":"product-type-variable"},"_links":{"self":[{"href":"https:\/\/hapijersey.com\/da\/wp-json\/wp\/v2\/product\/99042","targetHints":{"allow":["GET"]}}],"collection":[{"href":"https:\/\/hapijersey.com\/da\/wp-json\/wp\/v2\/product"}],"about":[{"href":"https:\/\/hapijersey.com\/da\/wp-json\/wp\/v2\/types\/product"}],"replies":[{"embeddable":true,"href":"https:\/\/hapijersey.com\/da\/wp-json\/wp\/v2\/comments?post=99042"}],"version-history":[{"count":0,"href":"https:\/\/hapijersey.com\/da\/wp-json\/wp\/v2\/product\/99042\/revisions"}],"wp:featuredmedia":[{"embeddable":true,"href":"https:\/\/hapijersey.com\/da\/wp-json\/wp\/v2\/media\/99024"}],"wp:attachment":[{"href":"https:\/\/hapijersey.com\/da\/wp-json\/wp\/v2\/media?parent=99042"}],"wp:term":[{"taxonomy":"product_brand","embeddable":true,"href":"https:\/\/hapijersey.com\/da\/wp-json\/wp\/v2\/product_brand?post=99042"},{"taxonomy":"product_cat","embeddable":true,"href":"https:\/\/hapijersey.com\/da\/wp-json\/wp\/v2\/product_cat?post=99042"},{"taxonomy":"product_tag","embeddable":true,"href":"https:\/\/hapijersey.com\/da\/wp-json\/wp\/v2\/product_tag?post=99042"}],"curies":[{"name":"wp","href":"https:\/\/api.w.org\/{rel}","templated":true}]}}