{"id":67709,"date":"2025-10-24T06:09:59","date_gmt":"2025-10-24T06:09:59","guid":{"rendered":"https:\/\/hapijersey.com\/product\/2425-fusball-club-bayern-munchen-125th-anniversary-player-version\/"},"modified":"2026-01-02T06:24:30","modified_gmt":"2026-01-02T06:24:30","slug":"2425-fusball-club-bayern-munchen-125th-anniversary-player-version","status":"publish","type":"product","link":"https:\/\/hapijersey.com\/es\/product\/2425-fusball-club-bayern-munchen-125th-anniversary-player-version\/","title":{"rendered":"2425 Fu\u00dfball-Club Bayern M\u00fcnchen 125 aniversario Versi\u00f3n jugador"},"content":{"rendered":"","protected":false},"excerpt":{"rendered":"","protected":false},"featured_media":67695,"comment_status":"closed","ping_status":"closed","template":"","meta":[],"product_brand":[68],"product_cat":[140],"product_tag":[],"class_list":{"0":"post-67709","1":"product","2":"type-product","3":"status-publish","4":"has-post-thumbnail","6":"product_brand-okkjersey","7":"product_cat-bayern-munich","9":"first","10":"instock","11":"shipping-taxable","12":"purchasable","13":"product-type-variable"},"_links":{"self":[{"href":"https:\/\/hapijersey.com\/es\/wp-json\/wp\/v2\/product\/67709","targetHints":{"allow":["GET"]}}],"collection":[{"href":"https:\/\/hapijersey.com\/es\/wp-json\/wp\/v2\/product"}],"about":[{"href":"https:\/\/hapijersey.com\/es\/wp-json\/wp\/v2\/types\/product"}],"replies":[{"embeddable":true,"href":"https:\/\/hapijersey.com\/es\/wp-json\/wp\/v2\/comments?post=67709"}],"version-history":[{"count":0,"href":"https:\/\/hapijersey.com\/es\/wp-json\/wp\/v2\/product\/67709\/revisions"}],"wp:featuredmedia":[{"embeddable":true,"href":"https:\/\/hapijersey.com\/es\/wp-json\/wp\/v2\/media\/67695"}],"wp:attachment":[{"href":"https:\/\/hapijersey.com\/es\/wp-json\/wp\/v2\/media?parent=67709"}],"wp:term":[{"taxonomy":"product_brand","embeddable":true,"href":"https:\/\/hapijersey.com\/es\/wp-json\/wp\/v2\/product_brand?post=67709"},{"taxonomy":"product_cat","embeddable":true,"href":"https:\/\/hapijersey.com\/es\/wp-json\/wp\/v2\/product_cat?post=67709"},{"taxonomy":"product_tag","embeddable":true,"href":"https:\/\/hapijersey.com\/es\/wp-json\/wp\/v2\/product_tag?post=67709"}],"curies":[{"name":"wp","href":"https:\/\/api.w.org\/{rel}","templated":true}]}}