{"id":74293,"date":"2025-11-01T04:46:53","date_gmt":"2025-11-01T04:46:53","guid":{"rendered":"https:\/\/hapijersey.com\/?page_id=74293"},"modified":"2026-01-03T08:42:12","modified_gmt":"2026-01-03T08:42:12","slug":"qa","status":"publish","type":"page","link":"https:\/\/hapijersey.com\/pt\/qa\/","title":{"rendered":"PERGUNTAS E RESPOSTAS"},"content":{"rendered":"<div data-elementor-type=\"wp-page\" data-elementor-id=\"74293\" class=\"elementor elementor-74293\" data-elementor-post-type=\"page\">\n\t\t\t\t<div class=\"wd-negative-gap elementor-element elementor-element-cc21a5f e-flex e-con-boxed e-con e-parent\" data-id=\"cc21a5f\" data-element_type=\"container\" data-e-type=\"container\">\n\t\t\t\t\t<div class=\"e-con-inner\">\n\t\t\t\t<div class=\"elementor-element elementor-element-300bb23 elementor-widget elementor-widget-wd_accordion\" data-id=\"300bb23\" data-element_type=\"widget\" data-e-type=\"widget\" data-widget_type=\"wd_accordion.default\">\n\t\t\t\t<div class=\"elementor-widget-container\">\n\t\t\t\t\t\n\t\t<div class=\"wd-accordion wd-style-default wd-border-off wd-titles-left wd-opener-pos-right wd-opener-style-arrow\" data-state=\"all_closed\">\n\t\t\t\t\t\t\t\n\t\t\t\t<div class=\"wd-accordion-item\">\n\t\t\t\t\t<div class=\"wd-accordion-title wd-role-btn\" data-accordion-index=\"0\" tabindex=\"0\">\n\t\t\t\t\t\t<div class=\"wd-accordion-title-text\">\n\t\t\t\t\t\t\t\t\t\t\t\t\t\t<span>\n\t\t\t\t\t\t\t\tComo posso efetuar uma encomenda?\t\t\t\t\t\t\t<\/span>\n\t\t\t\t\t\t<\/div>\n\t\t\t\t\t\t<span class=\"wd-accordion-opener\"><\/span>\n\t\t\t\t\t<\/div>\n\n\t\t\t\t\t<div class=\"wd-accordion-content wd-entry-content\" data-accordion-index=\"0\">\n\t\t\t\t\t\t\t\t\t\t\t\t\t\n\t\t\t\t\t\t\t<p>Pode efetuar uma encomenda atrav\u00e9s do nosso s\u00edtio Web. O nosso s\u00edtio Web \u00e9 como qualquer outra loja online. Registe uma conta, escolha o produto, o tamanho, a cor e qualquer informa\u00e7\u00e3o de personaliza\u00e7\u00e3o de que necessite. Em seguida, preencha o seu endere\u00e7o de envio, efectue o pagamento e aguarde que enviemos a sua encomenda. Receber\u00e1 ent\u00e3o o seu produto. Se utiliza a Amazon ou qualquer outro site de compras online, o nosso site n\u00e3o \u00e9 diferente dos outros sites de compras online. A \u00fanica diferen\u00e7a poder\u00e1 ser o facto de ter de preencher as informa\u00e7\u00f5es de personaliza\u00e7\u00e3o necess\u00e1rias ou escolher o m\u00e9todo de envio adequado. \u00c9 tudo.<\/p>\n\t\t\t\t\t\t\t\t\t\t\t\t\t\t\t\t\t\t<\/div>\n\t\t\t\t<\/div>\n\t\t\t\t\t\t\t\n\t\t\t\t<div class=\"wd-accordion-item\">\n\t\t\t\t\t<div class=\"wd-accordion-title wd-role-btn\" data-accordion-index=\"1\" tabindex=\"0\">\n\t\t\t\t\t\t<div class=\"wd-accordion-title-text\">\n\t\t\t\t\t\t\t\t\t\t\t\t\t\t<span>\n\t\t\t\t\t\t\t\tPorque \u00e9 que n\u00e3o recebi um e-mail de verifica\u00e7\u00e3o?\t\t\t\t\t\t\t<\/span>\n\t\t\t\t\t\t<\/div>\n\t\t\t\t\t\t<span class=\"wd-accordion-opener\"><\/span>\n\t\t\t\t\t<\/div>\n\n\t\t\t\t\t<div class=\"wd-accordion-content wd-entry-content\" data-accordion-index=\"1\">\n\t\t\t\t\t\t\t\t\t\t\t\t\t\n\t\t\t\t\t\t\t<p>Se estiver a utilizar um endere\u00e7o de e-mail do iCloud, n\u00e3o receber\u00e1 um e-mail de verifica\u00e7\u00e3o. Se estiver a utilizar um endere\u00e7o de correio eletr\u00f3nico diferente, verifique a pasta de spam\/junk mail. \u00c9 prov\u00e1vel que os e-mails de verifica\u00e7\u00e3o sejam erradamente identificados como spam. Se n\u00e3o estiver a utilizar um endere\u00e7o de e-mail do iCloud e n\u00e3o existir um e-mail de verifica\u00e7\u00e3o na pasta de spam\/lixo eletr\u00f3nico, pode tentar registar-se com um endere\u00e7o de e-mail diferente.<\/p>\n\t\t\t\t\t\t\t\t\t\t\t\t\t\t\t\t\t\t<\/div>\n\t\t\t\t<\/div>\n\t\t\t\t\t\t\t\n\t\t\t\t<div class=\"wd-accordion-item\">\n\t\t\t\t\t<div class=\"wd-accordion-title wd-role-btn\" data-accordion-index=\"2\" tabindex=\"0\">\n\t\t\t\t\t\t<div class=\"wd-accordion-title-text\">\n\t\t\t\t\t\t\t\t\t\t\t\t\t\t<span>\n\t\t\t\t\t\t\t\tPodem ajudar-me a verificar o meu endere\u00e7o de correio eletr\u00f3nico?\t\t\t\t\t\t\t<\/span>\n\t\t\t\t\t\t<\/div>\n\t\t\t\t\t\t<span class=\"wd-accordion-opener\"><\/span>\n\t\t\t\t\t<\/div>\n\n\t\t\t\t\t<div class=\"wd-accordion-content wd-entry-content\" data-accordion-index=\"2\">\n\t\t\t\t\t\t\t\t\t\t\t\t\t\n\t\t\t\t\t\t\t<p>Esta funcionalidade n\u00e3o est\u00e1 atualmente dispon\u00edvel, amigo. A verifica\u00e7\u00e3o do seu endere\u00e7o de correio eletr\u00f3nico \u00e9 o nosso \u00faltimo recurso para o contactar. Se houver um problema com a sua encomenda e n\u00e3o conseguirmos contact\u00e1-lo, a sua encomenda pode ser atrasada ou mesmo cancelada, o que nos far\u00e1 perder tempo. Por conseguinte, a verifica\u00e7\u00e3o do seu endere\u00e7o de correio eletr\u00f3nico \u00e9 uma forma de melhorarmos a efici\u00eancia da comunica\u00e7\u00e3o.<\/p>\n\t\t\t\t\t\t\t\t\t\t\t\t\t\t\t\t\t\t<\/div>\n\t\t\t\t<\/div>\n\t\t\t\t\t\t\t\n\t\t\t\t<div class=\"wd-accordion-item\">\n\t\t\t\t\t<div class=\"wd-accordion-title wd-role-btn\" data-accordion-index=\"3\" tabindex=\"0\">\n\t\t\t\t\t\t<div class=\"wd-accordion-title-text\">\n\t\t\t\t\t\t\t\t\t\t\t\t\t\t<span>\n\t\t\t\t\t\t\t\t Como \u00e9 que escolho o meu tamanho?\t\t\t\t\t\t\t<\/span>\n\t\t\t\t\t\t<\/div>\n\t\t\t\t\t\t<span class=\"wd-accordion-opener\"><\/span>\n\t\t\t\t\t<\/div>\n\n\t\t\t\t\t<div class=\"wd-accordion-content wd-entry-content\" data-accordion-index=\"3\">\n\t\t\t\t\t\t\t\t\t\t\t\t\t\n\t\t\t\t\t\t\t<p>Os tamanhos dos nossos produtos s\u00e3o exatamente os mesmos que os originais. Seja qual for o seu tamanho habitual, quando escolher o seu tamanho aqui, selecione o seu tamanho habitual. Para um ajuste mais confort\u00e1vel, recomendamos que compre um tamanho maior do que o seu tamanho habitual. Pode tamb\u00e9m consultar a seguinte tabela de tamanhos para escolher o tamanho adequado:\u00a0<a href=\"https:\/\/hapijersey.com\/pt\/size\/\">https:\/\/hapijersey.com\/size\/<\/a><\/p>\n\t\t\t\t\t\t\t\t\t\t\t\t\t\t\t\t\t\t<\/div>\n\t\t\t\t<\/div>\n\t\t\t\t\t\t\t\n\t\t\t\t<div class=\"wd-accordion-item\">\n\t\t\t\t\t<div class=\"wd-accordion-title wd-role-btn\" data-accordion-index=\"4\" tabindex=\"0\">\n\t\t\t\t\t\t<div class=\"wd-accordion-title-text\">\n\t\t\t\t\t\t\t\t\t\t\t\t\t\t<span>\n\t\t\t\t\t\t\t\tT\u00eam camisolas de tamanho grande?\t\t\t\t\t\t\t<\/span>\n\t\t\t\t\t\t<\/div>\n\t\t\t\t\t\t<span class=\"wd-accordion-opener\"><\/span>\n\t\t\t\t\t<\/div>\n\n\t\t\t\t\t<div class=\"wd-accordion-content wd-entry-content\" data-accordion-index=\"4\">\n\t\t\t\t\t\t\t\t\t\t\t\t\t\n\t\t\t\t\t\t\t<p>Pode verificar as op\u00e7\u00f5es do produto; apenas um n\u00famero muito limitado de artigos est\u00e1 dispon\u00edvel nos tamanhos XXL e XXXL. Tudo depende das op\u00e7\u00f5es do produto. Se estiver dispon\u00edvel um tamanho maior, pode consider\u00e1-lo.<\/p>\n\t\t\t\t\t\t\t\t\t\t\t\t\t\t\t\t\t\t<\/div>\n\t\t\t\t<\/div>\n\t\t\t\t\t\t\t\n\t\t\t\t<div class=\"wd-accordion-item\">\n\t\t\t\t\t<div class=\"wd-accordion-title wd-role-btn\" data-accordion-index=\"5\" tabindex=\"0\">\n\t\t\t\t\t\t<div class=\"wd-accordion-title-text\">\n\t\t\t\t\t\t\t\t\t\t\t\t\t\t<span>\n\t\t\t\t\t\t\t\tComo posso personalizar a mercadoria?\t\t\t\t\t\t\t<\/span>\n\t\t\t\t\t\t<\/div>\n\t\t\t\t\t\t<span class=\"wd-accordion-opener\"><\/span>\n\t\t\t\t\t<\/div>\n\n\t\t\t\t\t<div class=\"wd-accordion-content wd-entry-content\" data-accordion-index=\"5\">\n\t\t\t\t\t\t\t\t\t\t\t\t\t\n\t\t\t\t\t\t\t<p>Podemos personalizar qualquer artigo de acordo com as suas necessidades, quer se trate do seu nome ou n\u00famero. Podemos personalizar os n\u00fameros e nomes de jogadores actuais e lend\u00e1rios, ou mesmo o seu n\u00famero e nome preferidos. Basta enviar as suas informa\u00e7\u00f5es de personaliza\u00e7\u00e3o na sec\u00e7\u00e3o de informa\u00e7\u00f5es de personaliza\u00e7\u00e3o. Estas incluem o seu nome e n\u00famero e, mais importante, especifique o estilo do remendo para o bra\u00e7o que pretende. Certifique-se de que as camisolas s\u00e3o t\u00e3o claras e leg\u00edveis quanto poss\u00edvel. Abaixo da sec\u00e7\u00e3o de informa\u00e7\u00f5es de personaliza\u00e7\u00e3o, tamb\u00e9m pode carregar imagens. Pode carregar imagens do estilo de personaliza\u00e7\u00e3o pretendido e n\u00f3s produzimo-las de acordo com os seus requisitos. Os n\u00fameros s\u00f3 podem ter tr\u00eas d\u00edgitos, no m\u00e1ximo, e o n\u00famero de letras deve ser razoavelmente controlado de acordo com o estilo, mas n\u00e3o excessivamente.<\/p>\n\t\t\t\t\t\t\t\t\t\t\t\t\t\t\t\t\t\t<\/div>\n\t\t\t\t<\/div>\n\t\t\t\t\t\t\t\n\t\t\t\t<div class=\"wd-accordion-item\">\n\t\t\t\t\t<div class=\"wd-accordion-title wd-role-btn\" data-accordion-index=\"6\" tabindex=\"0\">\n\t\t\t\t\t\t<div class=\"wd-accordion-title-text\">\n\t\t\t\t\t\t\t\t\t\t\t\t\t\t<span>\n\t\t\t\t\t\t\t\tComo posso seguir a minha encomenda?\t\t\t\t\t\t\t<\/span>\n\t\t\t\t\t\t<\/div>\n\t\t\t\t\t\t<span class=\"wd-accordion-opener\"><\/span>\n\t\t\t\t\t<\/div>\n\n\t\t\t\t\t<div class=\"wd-accordion-content wd-entry-content\" data-accordion-index=\"6\">\n\t\t\t\t\t\t\t\t\t\t\t\t\t\n\t\t\t\t\t\t\t<p>Pode verificar o estado de atualiza\u00e7\u00e3o do seu pacote no seguinte s\u00edtio Web\u00a0<a href=\"http:\/\/www.17track.net\/\" target=\"_blank\" rel=\"noopener\">www.17track.net<\/a><\/p>\n\t\t\t\t\t\t\t\t\t\t\t\t\t\t\t\t\t\t<\/div>\n\t\t\t\t<\/div>\n\t\t\t\t\t\t\t\n\t\t\t\t<div class=\"wd-accordion-item\">\n\t\t\t\t\t<div class=\"wd-accordion-title wd-role-btn\" data-accordion-index=\"7\" tabindex=\"0\">\n\t\t\t\t\t\t<div class=\"wd-accordion-title-text\">\n\t\t\t\t\t\t\t\t\t\t\t\t\t\t<span>\n\t\t\t\t\t\t\t\t Porque \u00e9 que o n\u00famero de seguimento n\u00e3o foi atualizado durante v\u00e1rios dias?\t\t\t\t\t\t\t<\/span>\n\t\t\t\t\t\t<\/div>\n\t\t\t\t\t\t<span class=\"wd-accordion-opener\"><\/span>\n\t\t\t\t\t<\/div>\n\n\t\t\t\t\t<div class=\"wd-accordion-content wd-entry-content\" data-accordion-index=\"7\">\n\t\t\t\t\t\t\t\t\t\t\t\t\t\n\t\t\t\t\t\t\t<p>Em primeiro lugar, muitas das nossas rotas mar\u00edtimas utilizam rotas triangulares. O principal objetivo \u00e9 evitar problemas fiscais. Temos de enviar a sua encomenda primeiro para um pa\u00eds e depois desse pa\u00eds para si. Isto ter\u00e1 algum impacto no tempo de entrega, mas pode evitar muitos problemas alfandeg\u00e1rios. Este processo demora algum tempo, pelo que deve ser paciente. Al\u00e9m disso, se estiver a utilizar esta rota de envio triangular especial, o n\u00famero de seguimento da sua encomenda pode mudar. Consulte a p\u00e1gina de detalhes da encomenda para obter o n\u00famero de seguimento mais recente. Inicie sess\u00e3o na sua conta e clique no n\u00famero da sua encomenda para ver a p\u00e1gina de detalhes da encomenda. Pode encontrar a\u00ed o n\u00famero de seguimento mais recente.    Pode verificar o estado de atualiza\u00e7\u00e3o da sua encomenda em:\u00a0<a href=\"http:\/\/www.17track.net\/\" target=\"_blank\" rel=\"noopener\">www.17track.net<\/a><\/p>\n\t\t\t\t\t\t\t\t\t\t\t\t\t\t\t\t\t\t<\/div>\n\t\t\t\t<\/div>\n\t\t\t\t\t\t\t\n\t\t\t\t<div class=\"wd-accordion-item\">\n\t\t\t\t\t<div class=\"wd-accordion-title wd-role-btn\" data-accordion-index=\"8\" tabindex=\"0\">\n\t\t\t\t\t\t<div class=\"wd-accordion-title-text\">\n\t\t\t\t\t\t\t\t\t\t\t\t\t\t<span>\n\t\t\t\t\t\t\t\tComo posso alterar a minha encomenda?\t\t\t\t\t\t\t<\/span>\n\t\t\t\t\t\t<\/div>\n\t\t\t\t\t\t<span class=\"wd-accordion-opener\"><\/span>\n\t\t\t\t\t<\/div>\n\n\t\t\t\t\t<div class=\"wd-accordion-content wd-entry-content\" data-accordion-index=\"8\">\n\t\t\t\t\t\t\t\t\t\t\t\t\t\n\t\t\t\t\t\t\t<p>Se precisar de alterar a sua encomenda, contacte-nos o mais rapidamente poss\u00edvel. Em primeiro lugar, envie-nos uma mensagem utilizando a fun\u00e7\u00e3o de mensagens de encomenda na aplica\u00e7\u00e3o. Em seguida, pode contactar o nosso servi\u00e7o de apoio ao cliente atrav\u00e9s do WhatsApp. Em qualquer caso, n\u00e3o se esque\u00e7a de nos contactar no prazo de 24 horas ap\u00f3s ter feito a sua encomenda. Se o seu artigo j\u00e1 tiver come\u00e7ado a ser produzido ou j\u00e1 tiver sido enviado, n\u00e3o poderemos alterar a sua encomenda.<\/p>\n\t\t\t\t\t\t\t\t\t\t\t\t\t\t\t\t\t\t<\/div>\n\t\t\t\t<\/div>\n\t\t\t\t\t\t\t\n\t\t\t\t<div class=\"wd-accordion-item\">\n\t\t\t\t\t<div class=\"wd-accordion-title wd-role-btn\" data-accordion-index=\"9\" tabindex=\"0\">\n\t\t\t\t\t\t<div class=\"wd-accordion-title-text\">\n\t\t\t\t\t\t\t\t\t\t\t\t\t\t<span>\n\t\t\t\t\t\t\t\tQuantos dias s\u00e3o necess\u00e1rios para receber a mercadoria?\t\t\t\t\t\t\t<\/span>\n\t\t\t\t\t\t<\/div>\n\t\t\t\t\t\t<span class=\"wd-accordion-opener\"><\/span>\n\t\t\t\t\t<\/div>\n\n\t\t\t\t\t<div class=\"wd-accordion-content wd-entry-content\" data-accordion-index=\"9\">\n\t\t\t\t\t\t\t\t\t\t\t\t\t\n\t\t\t\t\t\t\t<p>Isto depende da rota de envio que escolher. Os pa\u00edses da UE, os EUA, o Canad\u00e1 e a R\u00fassia demoram 7-15 dias. O Norte da Europa e a \u00c1sia Ocidental podem demorar 10-20 dias. A Am\u00e9rica do Sul e outras regi\u00f5es das Cara\u00edbas podem demorar 20-30 dias.<\/p>\n\t\t\t\t\t\t\t\t\t\t\t\t\t\t\t\t\t\t<\/div>\n\t\t\t\t<\/div>\n\t\t\t\t\t\t\t\n\t\t\t\t<div class=\"wd-accordion-item\">\n\t\t\t\t\t<div class=\"wd-accordion-title wd-role-btn\" data-accordion-index=\"10\" tabindex=\"0\">\n\t\t\t\t\t\t<div class=\"wd-accordion-title-text\">\n\t\t\t\t\t\t\t\t\t\t\t\t\t\t<span>\n\t\t\t\t\t\t\t\tPosso devolver ou trocar os produtos depois de os receber?\t\t\t\t\t\t\t<\/span>\n\t\t\t\t\t\t<\/div>\n\t\t\t\t\t\t<span class=\"wd-accordion-opener\"><\/span>\n\t\t\t\t\t<\/div>\n\n\t\t\t\t\t<div class=\"wd-accordion-content wd-entry-content\" data-accordion-index=\"10\">\n\t\t\t\t\t\t\t\t\t\t\t\t\t\n\t\t\t\t\t\t\t<p>Se houver um problema de qualidade com o produto, podemos reembols\u00e1-lo.<\/p>\n\t\t\t\t\t\t\t\t\t\t\t\t\t\t\t\t\t\t<\/div>\n\t\t\t\t<\/div>\n\t\t\t\t\t\t\t\n\t\t\t\t<div class=\"wd-accordion-item\">\n\t\t\t\t\t<div class=\"wd-accordion-title wd-role-btn\" data-accordion-index=\"11\" tabindex=\"0\">\n\t\t\t\t\t\t<div class=\"wd-accordion-title-text\">\n\t\t\t\t\t\t\t\t\t\t\t\t\t\t<span>\n\t\t\t\t\t\t\t\tFazem vendas por grosso?\t\t\t\t\t\t\t<\/span>\n\t\t\t\t\t\t<\/div>\n\t\t\t\t\t\t<span class=\"wd-accordion-opener\"><\/span>\n\t\t\t\t\t<\/div>\n\n\t\t\t\t\t<div class=\"wd-accordion-content wd-entry-content\" data-accordion-index=\"11\">\n\t\t\t\t\t\t\t\t\t\t\t\t\t\n\t\t\t\t\t\t\t<p>\u00a0Ol\u00e1, a coopera\u00e7\u00e3o por grosso \u00e9 bem-vinda. Pode clicar no seguinte link para ver os pre\u00e7os por grosso e os m\u00e9todos de coopera\u00e7\u00e3o:\u00a0<a href=\"https:\/\/hapijersey.com\/pt\/wholesale\/\">https:\/\/hapijersey.com\/wholesale\/<\/a><\/p>\n\t\t\t\t\t\t\t\t\t\t\t\t\t\t\t\t\t\t<\/div>\n\t\t\t\t<\/div>\n\t\t\t\t\t<\/div>\n\t\t\t\t\t\t<\/div>\n\t\t\t\t<\/div>\n\t\t\t\t\t<\/div>\n\t\t\t\t<\/div>\n\t\t\t\t<\/div>","protected":false},"excerpt":{"rendered":"<p>How do I place an order? You can place an order through our website. Our website is just like any<\/p>","protected":false},"author":1,"featured_media":0,"parent":0,"menu_order":0,"comment_status":"closed","ping_status":"closed","template":"","meta":{"footnotes":""},"class_list":["post-74293","page","type-page","status-publish","hentry"],"_links":{"self":[{"href":"https:\/\/hapijersey.com\/pt\/wp-json\/wp\/v2\/pages\/74293","targetHints":{"allow":["GET"]}}],"collection":[{"href":"https:\/\/hapijersey.com\/pt\/wp-json\/wp\/v2\/pages"}],"about":[{"href":"https:\/\/hapijersey.com\/pt\/wp-json\/wp\/v2\/types\/page"}],"author":[{"embeddable":true,"href":"https:\/\/hapijersey.com\/pt\/wp-json\/wp\/v2\/users\/1"}],"replies":[{"embeddable":true,"href":"https:\/\/hapijersey.com\/pt\/wp-json\/wp\/v2\/comments?post=74293"}],"version-history":[{"count":0,"href":"https:\/\/hapijersey.com\/pt\/wp-json\/wp\/v2\/pages\/74293\/revisions"}],"wp:attachment":[{"href":"https:\/\/hapijersey.com\/pt\/wp-json\/wp\/v2\/media?parent=74293"}],"curies":[{"name":"wp","href":"https:\/\/api.w.org\/{rel}","templated":true}]}}