{"id":15924,"date":"2025-10-11T13:17:08","date_gmt":"2025-10-11T13:17:08","guid":{"rendered":"https:\/\/hapijersey.com\/product\/2526-season-tottenham-hotspur-f-c-away-shorts-2\/"},"modified":"2026-01-01T14:12:14","modified_gmt":"2026-01-01T14:12:14","slug":"2526-season-tottenham-hotspur-f-c-away-shorts-2","status":"publish","type":"product","link":"https:\/\/hapijersey.com\/pt\/product\/2526-season-tottenham-hotspur-f-c-away-shorts-2\/","title":{"rendered":"2526 \u00c9poca Cal\u00e7\u00f5es de treino do Tottenham Hotspur F.C."},"content":{"rendered":"","protected":false},"excerpt":{"rendered":"","protected":false},"featured_media":15918,"comment_status":"closed","ping_status":"closed","template":"","meta":[],"product_brand":[],"product_cat":[51,90],"product_tag":[49],"class_list":{"0":"post-15924","1":"product","2":"type-product","3":"status-publish","4":"has-post-thumbnail","6":"product_cat-shorts","7":"product_cat-tottenham-hotspur","8":"product_tag-49","10":"first","11":"instock","12":"shipping-taxable","13":"purchasable","14":"product-type-variable"},"_links":{"self":[{"href":"https:\/\/hapijersey.com\/pt\/wp-json\/wp\/v2\/product\/15924","targetHints":{"allow":["GET"]}}],"collection":[{"href":"https:\/\/hapijersey.com\/pt\/wp-json\/wp\/v2\/product"}],"about":[{"href":"https:\/\/hapijersey.com\/pt\/wp-json\/wp\/v2\/types\/product"}],"replies":[{"embeddable":true,"href":"https:\/\/hapijersey.com\/pt\/wp-json\/wp\/v2\/comments?post=15924"}],"version-history":[{"count":0,"href":"https:\/\/hapijersey.com\/pt\/wp-json\/wp\/v2\/product\/15924\/revisions"}],"wp:featuredmedia":[{"embeddable":true,"href":"https:\/\/hapijersey.com\/pt\/wp-json\/wp\/v2\/media\/15918"}],"wp:attachment":[{"href":"https:\/\/hapijersey.com\/pt\/wp-json\/wp\/v2\/media?parent=15924"}],"wp:term":[{"taxonomy":"product_brand","embeddable":true,"href":"https:\/\/hapijersey.com\/pt\/wp-json\/wp\/v2\/product_brand?post=15924"},{"taxonomy":"product_cat","embeddable":true,"href":"https:\/\/hapijersey.com\/pt\/wp-json\/wp\/v2\/product_cat?post=15924"},{"taxonomy":"product_tag","embeddable":true,"href":"https:\/\/hapijersey.com\/pt\/wp-json\/wp\/v2\/product_tag?post=15924"}],"curies":[{"name":"wp","href":"https:\/\/api.w.org\/{rel}","templated":true}]}}