{"id":78923,"date":"2025-12-03T03:49:57","date_gmt":"2025-12-03T03:49:57","guid":{"rendered":"https:\/\/hapijersey.com\/product\/9697-season-real-madrid-cf-away-retro-fan-version\/"},"modified":"2026-01-02T05:41:05","modified_gmt":"2026-01-02T05:41:05","slug":"9697-season-real-madrid-cf-away-retro-fan-version","status":"publish","type":"product","link":"https:\/\/hapijersey.com\/pt\/product\/9697-season-real-madrid-cf-away-retro-fan-version\/","title":{"rendered":"9697 \u00e9poca Real Madrid CF away retro Vers\u00e3o f\u00e3"},"content":{"rendered":"","protected":false},"excerpt":{"rendered":"","protected":false},"featured_media":78899,"comment_status":"closed","ping_status":"closed","template":"","meta":[],"product_brand":[],"product_cat":[94],"product_tag":[],"class_list":{"0":"post-78923","1":"product","2":"type-product","3":"status-publish","4":"has-post-thumbnail","6":"product_cat-real-madrid","8":"first","9":"instock","10":"shipping-taxable","11":"purchasable","12":"product-type-variable"},"_links":{"self":[{"href":"https:\/\/hapijersey.com\/pt\/wp-json\/wp\/v2\/product\/78923","targetHints":{"allow":["GET"]}}],"collection":[{"href":"https:\/\/hapijersey.com\/pt\/wp-json\/wp\/v2\/product"}],"about":[{"href":"https:\/\/hapijersey.com\/pt\/wp-json\/wp\/v2\/types\/product"}],"replies":[{"embeddable":true,"href":"https:\/\/hapijersey.com\/pt\/wp-json\/wp\/v2\/comments?post=78923"}],"version-history":[{"count":0,"href":"https:\/\/hapijersey.com\/pt\/wp-json\/wp\/v2\/product\/78923\/revisions"}],"wp:featuredmedia":[{"embeddable":true,"href":"https:\/\/hapijersey.com\/pt\/wp-json\/wp\/v2\/media\/78899"}],"wp:attachment":[{"href":"https:\/\/hapijersey.com\/pt\/wp-json\/wp\/v2\/media?parent=78923"}],"wp:term":[{"taxonomy":"product_brand","embeddable":true,"href":"https:\/\/hapijersey.com\/pt\/wp-json\/wp\/v2\/product_brand?post=78923"},{"taxonomy":"product_cat","embeddable":true,"href":"https:\/\/hapijersey.com\/pt\/wp-json\/wp\/v2\/product_cat?post=78923"},{"taxonomy":"product_tag","embeddable":true,"href":"https:\/\/hapijersey.com\/pt\/wp-json\/wp\/v2\/product_tag?post=78923"}],"curies":[{"name":"wp","href":"https:\/\/api.w.org\/{rel}","templated":true}]}}