{"id":97836,"date":"2025-12-24T09:50:45","date_gmt":"2025-12-24T09:50:45","guid":{"rendered":"https:\/\/hapijersey.com\/product\/2526-season-arsenal-f-c-third-player-version-shorts-2\/"},"modified":"2026-01-02T05:13:43","modified_gmt":"2026-01-02T05:13:43","slug":"2526-season-arsenal-f-c-third-player-version-shorts-2","status":"publish","type":"product","link":"https:\/\/hapijersey.com\/pt\/product\/2526-season-arsenal-f-c-third-player-version-shorts-2\/","title":{"rendered":"2526 \u00e9poca Arsenal F.C. terceiro Jogador vers\u00e3o cal\u00e7\u00f5es"},"content":{"rendered":"","protected":false},"excerpt":{"rendered":"","protected":false},"featured_media":97825,"comment_status":"closed","ping_status":"closed","template":"","meta":[],"product_brand":[],"product_cat":[314],"product_tag":[],"class_list":{"0":"post-97836","1":"product","2":"type-product","3":"status-publish","4":"has-post-thumbnail","6":"product_cat-uncategorized","8":"first","9":"instock","10":"shipping-taxable","11":"purchasable","12":"product-type-variable"},"_links":{"self":[{"href":"https:\/\/hapijersey.com\/pt\/wp-json\/wp\/v2\/product\/97836","targetHints":{"allow":["GET"]}}],"collection":[{"href":"https:\/\/hapijersey.com\/pt\/wp-json\/wp\/v2\/product"}],"about":[{"href":"https:\/\/hapijersey.com\/pt\/wp-json\/wp\/v2\/types\/product"}],"replies":[{"embeddable":true,"href":"https:\/\/hapijersey.com\/pt\/wp-json\/wp\/v2\/comments?post=97836"}],"version-history":[{"count":0,"href":"https:\/\/hapijersey.com\/pt\/wp-json\/wp\/v2\/product\/97836\/revisions"}],"wp:featuredmedia":[{"embeddable":true,"href":"https:\/\/hapijersey.com\/pt\/wp-json\/wp\/v2\/media\/97825"}],"wp:attachment":[{"href":"https:\/\/hapijersey.com\/pt\/wp-json\/wp\/v2\/media?parent=97836"}],"wp:term":[{"taxonomy":"product_brand","embeddable":true,"href":"https:\/\/hapijersey.com\/pt\/wp-json\/wp\/v2\/product_brand?post=97836"},{"taxonomy":"product_cat","embeddable":true,"href":"https:\/\/hapijersey.com\/pt\/wp-json\/wp\/v2\/product_cat?post=97836"},{"taxonomy":"product_tag","embeddable":true,"href":"https:\/\/hapijersey.com\/pt\/wp-json\/wp\/v2\/product_tag?post=97836"}],"curies":[{"name":"wp","href":"https:\/\/api.w.org\/{rel}","templated":true}]}}