{"id":43902,"date":"2025-10-17T06:13:50","date_gmt":"2025-10-17T06:13:50","guid":{"rendered":"https:\/\/hapijersey.com\/product\/2526-season-fc-barcelona-barca-concept-version-player-version\/"},"modified":"2026-01-02T07:02:07","modified_gmt":"2026-01-02T07:02:07","slug":"2526-season-fc-barcelona-barca-concept-version-player-version","status":"publish","type":"product","link":"https:\/\/hapijersey.com\/pt_br\/product\/2526-season-fc-barcelona-barca-concept-version-player-version\/","title":{"rendered":"Temporada 2526 FC Barcelona \/ Bar\u00e7a Vers\u00e3o conceitual Vers\u00e3o do jogador"},"content":{"rendered":"","protected":false},"excerpt":{"rendered":"","protected":false},"featured_media":43889,"comment_status":"closed","ping_status":"closed","template":"","meta":[],"product_brand":[68],"product_cat":[95],"product_tag":[49,104],"class_list":{"0":"post-43902","1":"product","2":"type-product","3":"status-publish","4":"has-post-thumbnail","6":"product_brand-okkjersey","7":"product_cat-barcelona","8":"product_tag-49","9":"product_tag-featured","11":"first","12":"instock","13":"shipping-taxable","14":"purchasable","15":"product-type-variable"},"_links":{"self":[{"href":"https:\/\/hapijersey.com\/pt_br\/wp-json\/wp\/v2\/product\/43902","targetHints":{"allow":["GET"]}}],"collection":[{"href":"https:\/\/hapijersey.com\/pt_br\/wp-json\/wp\/v2\/product"}],"about":[{"href":"https:\/\/hapijersey.com\/pt_br\/wp-json\/wp\/v2\/types\/product"}],"replies":[{"embeddable":true,"href":"https:\/\/hapijersey.com\/pt_br\/wp-json\/wp\/v2\/comments?post=43902"}],"version-history":[{"count":0,"href":"https:\/\/hapijersey.com\/pt_br\/wp-json\/wp\/v2\/product\/43902\/revisions"}],"wp:featuredmedia":[{"embeddable":true,"href":"https:\/\/hapijersey.com\/pt_br\/wp-json\/wp\/v2\/media\/43889"}],"wp:attachment":[{"href":"https:\/\/hapijersey.com\/pt_br\/wp-json\/wp\/v2\/media?parent=43902"}],"wp:term":[{"taxonomy":"product_brand","embeddable":true,"href":"https:\/\/hapijersey.com\/pt_br\/wp-json\/wp\/v2\/product_brand?post=43902"},{"taxonomy":"product_cat","embeddable":true,"href":"https:\/\/hapijersey.com\/pt_br\/wp-json\/wp\/v2\/product_cat?post=43902"},{"taxonomy":"product_tag","embeddable":true,"href":"https:\/\/hapijersey.com\/pt_br\/wp-json\/wp\/v2\/product_tag?post=43902"}],"curies":[{"name":"wp","href":"https:\/\/api.w.org\/{rel}","templated":true}]}}